{"id":18,"date":"2025-01-07T05:20:39","date_gmt":"2025-01-07T05:20:39","guid":{"rendered":"https:\/\/solar.dvlgreen.com\/blog\/"},"modified":"2025-01-09T11:44:05","modified_gmt":"2025-01-09T04:44:05","slug":"blog","status":"publish","type":"page","link":"https:\/\/solar.dvlgreen.com\/vi\/blog\/","title":{"rendered":"DVL BLOG"},"content":{"rendered":"<div data-elementor-type=\"wp-page\" data-elementor-id=\"18\" class=\"elementor elementor-18\" data-elementor-post-type=\"page\">\n\t\t\t\t<div class=\"elementor-element elementor-element-26ebac7 e-flex e-con-boxed e-con e-parent\" data-id=\"26ebac7\" data-element_type=\"container\">\n\t\t\t\t\t<div class=\"e-con-inner\">\n\t\t\t\t<div class=\"elementor-element elementor-element-71fb48a elementor-grid-3 elementor-grid-tablet-2 elementor-grid-mobile-1 elementor-posts--thumbnail-top elementor-widget elementor-widget-posts\" data-id=\"71fb48a\" data-element_type=\"widget\" data-settings=\"{&quot;classic_columns&quot;:&quot;3&quot;,&quot;classic_columns_tablet&quot;:&quot;2&quot;,&quot;classic_columns_mobile&quot;:&quot;1&quot;,&quot;classic_row_gap&quot;:{&quot;unit&quot;:&quot;px&quot;,&quot;size&quot;:35,&quot;sizes&quot;:[]},&quot;classic_row_gap_tablet&quot;:{&quot;unit&quot;:&quot;px&quot;,&quot;size&quot;:&quot;&quot;,&quot;sizes&quot;:[]},&quot;classic_row_gap_mobile&quot;:{&quot;unit&quot;:&quot;px&quot;,&quot;size&quot;:&quot;&quot;,&quot;sizes&quot;:[]}}\" data-widget_type=\"posts.classic\">\n\t\t\t\t<div class=\"elementor-widget-container\">\n\t\t\t\t\t\t\t<div class=\"elementor-posts-container elementor-posts elementor-posts--skin-classic elementor-grid\">\n\t\t\t\t<article class=\"elementor-post elementor-grid-item post-34 post type-post status-publish format-standard has-post-thumbnail hentry category-dvl\">\n\t\t\t\t<a class=\"elementor-post__thumbnail__link\" href=\"https:\/\/solar.dvlgreen.com\/vi\/dvls-commitment-to-sustainable-development-and-social-responsibility\/\" tabindex=\"-1\" >\n\t\t\t<div class=\"elementor-post__thumbnail\"><img fetchpriority=\"high\" decoding=\"async\" width=\"300\" height=\"169\" src=\"https:\/\/solar.dvlgreen.com\/wp-content\/uploads\/2025\/01\/featured-image-7-300x169.jpg\" class=\"attachment-medium size-medium wp-image-33\" alt=\"\" srcset=\"https:\/\/solar.dvlgreen.com\/wp-content\/uploads\/2025\/01\/featured-image-7-300x169.jpg 300w, https:\/\/solar.dvlgreen.com\/wp-content\/uploads\/2025\/01\/featured-image-7-1024x576.jpg 1024w, https:\/\/solar.dvlgreen.com\/wp-content\/uploads\/2025\/01\/featured-image-7-768x432.jpg 768w, https:\/\/solar.dvlgreen.com\/wp-content\/uploads\/2025\/01\/featured-image-7.jpg 1470w\" sizes=\"(max-width: 300px) 100vw, 300px\" \/><\/div>\n\t\t<\/a>\n\t\t\t\t<div class=\"elementor-post__text\">\n\t\t\t\t<h3 class=\"elementor-post__title\">\n\t\t\t<a href=\"https:\/\/solar.dvlgreen.com\/vi\/dvls-commitment-to-sustainable-development-and-social-responsibility\/\" >\n\t\t\t\tCam k\u1ebft c\u1ee7a DVL v\u1ec1 Ph\u00e1t tri\u1ec3n b\u1ec1n v\u1eefng v\u00e0 Tr\u00e1ch nhi\u1ec7m x\u00e3 h\u1ed9i\t\t\t<\/a>\n\t\t<\/h3>\n\t\t\t\t<div class=\"elementor-post__meta-data\">\n\t\t\t\t\t<span class=\"elementor-post-date\">\n\t\t\t2025-01-07\t\t<\/span>\n\t\t\t\t<span class=\"elementor-post-avatar\">\n\t\t\tKh\u00f4ng c\u00f3 b\u00ecnh lu\u1eadn\t\t<\/span>\n\t\t\t\t<\/div>\n\t\t\n\t\t<a class=\"elementor-post__read-more\" href=\"https:\/\/solar.dvlgreen.com\/vi\/dvls-commitment-to-sustainable-development-and-social-responsibility\/\" aria-label=\"Read more about DVL&#8217;s Commitment to Sustainable Development and Social Responsibility\" tabindex=\"-1\" >\n\t\t\tRead More \u00bb\t\t<\/a>\n\n\t\t\t\t<\/div>\n\t\t\t\t<\/article>\n\t\t\t\t<article class=\"elementor-post elementor-grid-item post-32 post type-post status-publish format-standard has-post-thumbnail hentry category-dvl\">\n\t\t\t\t<a class=\"elementor-post__thumbnail__link\" href=\"https:\/\/solar.dvlgreen.com\/vi\/the-future-of-renewable-energy-trends-and-innovations\/\" tabindex=\"-1\" >\n\t\t\t<div class=\"elementor-post__thumbnail\"><img decoding=\"async\" width=\"300\" height=\"188\" src=\"https:\/\/solar.dvlgreen.com\/wp-content\/uploads\/2025\/01\/featured-image-6-300x188.jpg\" class=\"attachment-medium size-medium wp-image-31\" alt=\"\" srcset=\"https:\/\/solar.dvlgreen.com\/wp-content\/uploads\/2025\/01\/featured-image-6-300x188.jpg 300w, https:\/\/solar.dvlgreen.com\/wp-content\/uploads\/2025\/01\/featured-image-6-1024x640.jpg 1024w, https:\/\/solar.dvlgreen.com\/wp-content\/uploads\/2025\/01\/featured-image-6-768x480.jpg 768w, https:\/\/solar.dvlgreen.com\/wp-content\/uploads\/2025\/01\/featured-image-6.jpg 1470w\" sizes=\"(max-width: 300px) 100vw, 300px\" \/><\/div>\n\t\t<\/a>\n\t\t\t\t<div class=\"elementor-post__text\">\n\t\t\t\t<h3 class=\"elementor-post__title\">\n\t\t\t<a href=\"https:\/\/solar.dvlgreen.com\/vi\/the-future-of-renewable-energy-trends-and-innovations\/\" >\n\t\t\t\tT\u01b0\u01a1ng lai c\u1ee7a n\u0103ng l\u01b0\u1ee3ng t\u00e1i t\u1ea1o: Xu h\u01b0\u1edbng v\u00e0 \u0111\u1ed5i m\u1edbi\t\t\t<\/a>\n\t\t<\/h3>\n\t\t\t\t<div class=\"elementor-post__meta-data\">\n\t\t\t\t\t<span class=\"elementor-post-date\">\n\t\t\t2025-01-07\t\t<\/span>\n\t\t\t\t<span class=\"elementor-post-avatar\">\n\t\t\tKh\u00f4ng c\u00f3 b\u00ecnh lu\u1eadn\t\t<\/span>\n\t\t\t\t<\/div>\n\t\t\n\t\t<a class=\"elementor-post__read-more\" href=\"https:\/\/solar.dvlgreen.com\/vi\/the-future-of-renewable-energy-trends-and-innovations\/\" aria-label=\"Read more about The Future of Renewable Energy: Trends and Innovations\" tabindex=\"-1\" >\n\t\t\tRead More \u00bb\t\t<\/a>\n\n\t\t\t\t<\/div>\n\t\t\t\t<\/article>\n\t\t\t\t<article class=\"elementor-post elementor-grid-item post-30 post type-post status-publish format-standard has-post-thumbnail hentry category-dvl\">\n\t\t\t\t<a class=\"elementor-post__thumbnail__link\" href=\"https:\/\/solar.dvlgreen.com\/vi\/transforming-homes-with-efficient-solar-panels\/\" tabindex=\"-1\" >\n\t\t\t<div class=\"elementor-post__thumbnail\"><img decoding=\"async\" width=\"300\" height=\"196\" src=\"https:\/\/solar.dvlgreen.com\/wp-content\/uploads\/2025\/01\/featured-image-5-300x196.jpg\" class=\"attachment-medium size-medium wp-image-29\" alt=\"\" srcset=\"https:\/\/solar.dvlgreen.com\/wp-content\/uploads\/2025\/01\/featured-image-5-300x196.jpg 300w, https:\/\/solar.dvlgreen.com\/wp-content\/uploads\/2025\/01\/featured-image-5-1024x669.jpg 1024w, https:\/\/solar.dvlgreen.com\/wp-content\/uploads\/2025\/01\/featured-image-5-768x502.jpg 768w, https:\/\/solar.dvlgreen.com\/wp-content\/uploads\/2025\/01\/featured-image-5.jpg 1470w\" sizes=\"(max-width: 300px) 100vw, 300px\" \/><\/div>\n\t\t<\/a>\n\t\t\t\t<div class=\"elementor-post__text\">\n\t\t\t\t<h3 class=\"elementor-post__title\">\n\t\t\t<a href=\"https:\/\/solar.dvlgreen.com\/vi\/transforming-homes-with-efficient-solar-panels\/\" >\n\t\t\t\tBi\u1ebfn \u0111\u1ed5i ng\u00f4i nh\u00e0 b\u1eb1ng t\u1ea5m pin m\u1eb7t tr\u1eddi hi\u1ec7u qu\u1ea3\t\t\t<\/a>\n\t\t<\/h3>\n\t\t\t\t<div class=\"elementor-post__meta-data\">\n\t\t\t\t\t<span class=\"elementor-post-date\">\n\t\t\t2025-01-07\t\t<\/span>\n\t\t\t\t<span class=\"elementor-post-avatar\">\n\t\t\tKh\u00f4ng c\u00f3 b\u00ecnh lu\u1eadn\t\t<\/span>\n\t\t\t\t<\/div>\n\t\t\n\t\t<a class=\"elementor-post__read-more\" href=\"https:\/\/solar.dvlgreen.com\/vi\/transforming-homes-with-efficient-solar-panels\/\" aria-label=\"Read more about Transforming Homes with Efficient Solar Panels\" tabindex=\"-1\" >\n\t\t\tRead More \u00bb\t\t<\/a>\n\n\t\t\t\t<\/div>\n\t\t\t\t<\/article>\n\t\t\t\t<article class=\"elementor-post elementor-grid-item post-28 post type-post status-publish format-standard has-post-thumbnail hentry category-dvl tag-category-1\">\n\t\t\t\t<a class=\"elementor-post__thumbnail__link\" href=\"https:\/\/solar.dvlgreen.com\/vi\/exploring-the-benefits-of-smart-energy-management-systems\/\" tabindex=\"-1\" >\n\t\t\t<div class=\"elementor-post__thumbnail\"><img loading=\"lazy\" decoding=\"async\" width=\"300\" height=\"225\" src=\"https:\/\/solar.dvlgreen.com\/wp-content\/uploads\/2025\/01\/featured-image-4-300x225.jpg\" class=\"attachment-medium size-medium wp-image-27\" alt=\"\" srcset=\"https:\/\/solar.dvlgreen.com\/wp-content\/uploads\/2025\/01\/featured-image-4-300x225.jpg 300w, https:\/\/solar.dvlgreen.com\/wp-content\/uploads\/2025\/01\/featured-image-4-1024x768.jpg 1024w, https:\/\/solar.dvlgreen.com\/wp-content\/uploads\/2025\/01\/featured-image-4-768x576.jpg 768w, https:\/\/solar.dvlgreen.com\/wp-content\/uploads\/2025\/01\/featured-image-4.jpg 1470w\" sizes=\"(max-width: 300px) 100vw, 300px\" \/><\/div>\n\t\t<\/a>\n\t\t\t\t<div class=\"elementor-post__text\">\n\t\t\t\t<h3 class=\"elementor-post__title\">\n\t\t\t<a href=\"https:\/\/solar.dvlgreen.com\/vi\/exploring-the-benefits-of-smart-energy-management-systems\/\" >\n\t\t\t\tKh\u00e1m ph\u00e1 nh\u1eefng l\u1ee3i \u00edch c\u1ee7a h\u1ec7 th\u1ed1ng qu\u1ea3n l\u00fd n\u0103ng l\u01b0\u1ee3ng th\u00f4ng minh\t\t\t<\/a>\n\t\t<\/h3>\n\t\t\t\t<div class=\"elementor-post__meta-data\">\n\t\t\t\t\t<span class=\"elementor-post-date\">\n\t\t\t2025-01-07\t\t<\/span>\n\t\t\t\t<span class=\"elementor-post-avatar\">\n\t\t\tKh\u00f4ng c\u00f3 b\u00ecnh lu\u1eadn\t\t<\/span>\n\t\t\t\t<\/div>\n\t\t\n\t\t<a class=\"elementor-post__read-more\" href=\"https:\/\/solar.dvlgreen.com\/vi\/exploring-the-benefits-of-smart-energy-management-systems\/\" aria-label=\"Read more about Exploring the Benefits of Smart Energy Management Systems\" tabindex=\"-1\" >\n\t\t\tRead More \u00bb\t\t<\/a>\n\n\t\t\t\t<\/div>\n\t\t\t\t<\/article>\n\t\t\t\t<article class=\"elementor-post elementor-grid-item post-26 post type-post status-publish format-standard has-post-thumbnail hentry category-dvl tag-featured\">\n\t\t\t\t<a class=\"elementor-post__thumbnail__link\" href=\"https:\/\/solar.dvlgreen.com\/vi\/driving-change-renewable-solutions-for-a-better-tomorrow\/\" tabindex=\"-1\" >\n\t\t\t<div class=\"elementor-post__thumbnail\"><img loading=\"lazy\" decoding=\"async\" width=\"300\" height=\"200\" src=\"https:\/\/solar.dvlgreen.com\/wp-content\/uploads\/2025\/01\/featured-image-3-300x200.jpg\" class=\"attachment-medium size-medium wp-image-25\" alt=\"\" srcset=\"https:\/\/solar.dvlgreen.com\/wp-content\/uploads\/2025\/01\/featured-image-3-300x200.jpg 300w, https:\/\/solar.dvlgreen.com\/wp-content\/uploads\/2025\/01\/featured-image-3-1024x683.jpg 1024w, https:\/\/solar.dvlgreen.com\/wp-content\/uploads\/2025\/01\/featured-image-3-768x512.jpg 768w, https:\/\/solar.dvlgreen.com\/wp-content\/uploads\/2025\/01\/featured-image-3.jpg 1470w\" sizes=\"(max-width: 300px) 100vw, 300px\" \/><\/div>\n\t\t<\/a>\n\t\t\t\t<div class=\"elementor-post__text\">\n\t\t\t\t<h3 class=\"elementor-post__title\">\n\t\t\t<a href=\"https:\/\/solar.dvlgreen.com\/vi\/driving-change-renewable-solutions-for-a-better-tomorrow\/\" >\n\t\t\t\tTh\u00fac \u0111\u1ea9y s\u1ef1 thay \u0111\u1ed5i: Gi\u1ea3i ph\u00e1p t\u00e1i t\u1ea1o cho ng\u00e0y mai t\u01b0\u01a1i s\u00e1ng h\u01a1n\t\t\t<\/a>\n\t\t<\/h3>\n\t\t\t\t<div class=\"elementor-post__meta-data\">\n\t\t\t\t\t<span class=\"elementor-post-date\">\n\t\t\t2025-01-07\t\t<\/span>\n\t\t\t\t<span class=\"elementor-post-avatar\">\n\t\t\tKh\u00f4ng c\u00f3 b\u00ecnh lu\u1eadn\t\t<\/span>\n\t\t\t\t<\/div>\n\t\t\n\t\t<a class=\"elementor-post__read-more\" href=\"https:\/\/solar.dvlgreen.com\/vi\/driving-change-renewable-solutions-for-a-better-tomorrow\/\" aria-label=\"Read more about Driving Change: Renewable Solutions for a Better Tomorrow\" tabindex=\"-1\" >\n\t\t\tRead More \u00bb\t\t<\/a>\n\n\t\t\t\t<\/div>\n\t\t\t\t<\/article>\n\t\t\t\t<article class=\"elementor-post elementor-grid-item post-24 post type-post status-publish format-standard has-post-thumbnail hentry category-dvl tag-featured\">\n\t\t\t\t<a class=\"elementor-post__thumbnail__link\" href=\"https:\/\/solar.dvlgreen.com\/vi\/advanced-solar-technologies-the-key-to-clean-energy\/\" tabindex=\"-1\" >\n\t\t\t<div class=\"elementor-post__thumbnail\"><img loading=\"lazy\" decoding=\"async\" width=\"300\" height=\"200\" src=\"https:\/\/solar.dvlgreen.com\/wp-content\/uploads\/2025\/01\/featured-image-2-300x200.jpg\" class=\"attachment-medium size-medium wp-image-23\" alt=\"\" srcset=\"https:\/\/solar.dvlgreen.com\/wp-content\/uploads\/2025\/01\/featured-image-2-300x200.jpg 300w, https:\/\/solar.dvlgreen.com\/wp-content\/uploads\/2025\/01\/featured-image-2-1024x681.jpg 1024w, https:\/\/solar.dvlgreen.com\/wp-content\/uploads\/2025\/01\/featured-image-2-768x511.jpg 768w, https:\/\/solar.dvlgreen.com\/wp-content\/uploads\/2025\/01\/featured-image-2.jpg 1470w\" sizes=\"(max-width: 300px) 100vw, 300px\" \/><\/div>\n\t\t<\/a>\n\t\t\t\t<div class=\"elementor-post__text\">\n\t\t\t\t<h3 class=\"elementor-post__title\">\n\t\t\t<a href=\"https:\/\/solar.dvlgreen.com\/vi\/advanced-solar-technologies-the-key-to-clean-energy\/\" >\n\t\t\t\tC\u00f4ng ngh\u1ec7 n\u0103ng l\u01b0\u1ee3ng m\u1eb7t tr\u1eddi ti\u00ean ti\u1ebfn: Ch\u00eca kh\u00f3a cho n\u0103ng l\u01b0\u1ee3ng s\u1ea1ch\t\t\t<\/a>\n\t\t<\/h3>\n\t\t\t\t<div class=\"elementor-post__meta-data\">\n\t\t\t\t\t<span class=\"elementor-post-date\">\n\t\t\t2025-01-07\t\t<\/span>\n\t\t\t\t<span class=\"elementor-post-avatar\">\n\t\t\tKh\u00f4ng c\u00f3 b\u00ecnh lu\u1eadn\t\t<\/span>\n\t\t\t\t<\/div>\n\t\t\n\t\t<a class=\"elementor-post__read-more\" href=\"https:\/\/solar.dvlgreen.com\/vi\/advanced-solar-technologies-the-key-to-clean-energy\/\" aria-label=\"Read more about Advanced Solar Technologies: The Key to Clean Energy\" tabindex=\"-1\" >\n\t\t\tRead More \u00bb\t\t<\/a>\n\n\t\t\t\t<\/div>\n\t\t\t\t<\/article>\n\t\t\t\t<\/div>\n\t\t\n\t\t\t\t\t\t<\/div>\n\t\t\t\t<\/div>\n\t\t\t\t\t<\/div>\n\t\t\t\t<\/div>\n\t\t\t\t<\/div>","protected":false},"excerpt":{"rendered":"","protected":false},"author":1,"featured_media":0,"parent":0,"menu_order":0,"comment_status":"closed","ping_status":"closed","template":"","meta":{"footnotes":""},"class_list":["post-18","page","type-page","status-publish","hentry"],"aioseo_notices":[],"_links":{"self":[{"href":"https:\/\/solar.dvlgreen.com\/vi\/wp-json\/wp\/v2\/pages\/18","targetHints":{"allow":["GET"]}}],"collection":[{"href":"https:\/\/solar.dvlgreen.com\/vi\/wp-json\/wp\/v2\/pages"}],"about":[{"href":"https:\/\/solar.dvlgreen.com\/vi\/wp-json\/wp\/v2\/types\/page"}],"author":[{"embeddable":true,"href":"https:\/\/solar.dvlgreen.com\/vi\/wp-json\/wp\/v2\/users\/1"}],"replies":[{"embeddable":true,"href":"https:\/\/solar.dvlgreen.com\/vi\/wp-json\/wp\/v2\/comments?post=18"}],"version-history":[{"count":6,"href":"https:\/\/solar.dvlgreen.com\/vi\/wp-json\/wp\/v2\/pages\/18\/revisions"}],"predecessor-version":[{"id":1008,"href":"https:\/\/solar.dvlgreen.com\/vi\/wp-json\/wp\/v2\/pages\/18\/revisions\/1008"}],"wp:attachment":[{"href":"https:\/\/solar.dvlgreen.com\/vi\/wp-json\/wp\/v2\/media?parent=18"}],"curies":[{"name":"wp","href":"https:\/\/api.w.org\/{rel}","templated":true}]}}